{"id":25979723,"date":"2024-06-27T16:52:43","date_gmt":"2024-06-27T14:52:43","guid":{"rendered":"https:\/\/le-mentorat.com\/?page_id=25979723"},"modified":"2025-06-05T09:28:58","modified_gmt":"2025-06-05T07:28:58","slug":"mentions-legales","status":"publish","type":"page","link":"https:\/\/le-mentorat.com\/index.php\/mentions-legales\/","title":{"rendered":"MENTIONS L\u00c9GALES"},"content":{"rendered":"<p>[et_pb_section fb_built=\u00a0\u00bb1&Prime; _builder_version=\u00a0\u00bb4.25.1&Prime; _module_preset=\u00a0\u00bbdefault\u00a0\u00bb global_colors_info=\u00a0\u00bb{}\u00a0\u00bb][et_pb_row _builder_version=\u00a0\u00bb4.25.1&Prime; _module_preset=\u00a0\u00bbdefault\u00a0\u00bb global_colors_info=\u00a0\u00bb{}\u00a0\u00bb][et_pb_column type=\u00a0\u00bb4_4&Prime; _builder_version=\u00a0\u00bb4.25.1&Prime; _module_preset=\u00a0\u00bbdefault\u00a0\u00bb global_colors_info=\u00a0\u00bb{}\u00a0\u00bb][et_pb_text _builder_version=\u00a0\u00bb4.25.1&Prime; _module_preset=\u00a0\u00bbdefault\u00a0\u00bb global_colors_info=\u00a0\u00bb{}\u00a0\u00bb]<\/p>\n<p class=\"p1\"><span class=\"s1\"><b>ARTICLE 1 \u2013 COORDONN\u00c9ES<\/b><\/span><\/p>\n<p class=\"p2\">\n<p class=\"p1\">Le Site est accessible via le lien <a href=\"https:\/\/le-mentorat.com\"><span class=\"s2\">https:\/\/le-mentorat.com<\/span><\/a> (ci-apr\u00e8s le \u00ab\u00a0<b><i>Site<\/i><\/b>\u00a0\u00bb) est \u00e9dit\u00e9 par la soci\u00e9t\u00e9\u00a0<b>LE<\/b> <b>MENTORAT SAS<\/b>, soci\u00e9t\u00e9 par actions simplifi\u00e9e au capital de 800 euros, dont le si\u00e8ge social est situ\u00e9 12 avenue de grande bretagne &#8211; 69006 Lyon, immatricul\u00e9e au Registre du Commerce et des Soci\u00e9t\u00e9s de Lyon sous le num\u00e9ro 910 906 981,\u00a0et repr\u00e9sent\u00e9e par son repr\u00e9sentant l\u00e9gal en exercice, d\u00fbment habilit\u00e9 \u00e0 l\u2019effet des pr\u00e9sentes<b> <\/b>(ci-apr\u00e8s\u00a0 \u00ab\u00a0<b><i>le Prestataire<\/i><\/b>\u00a0\u00bb),\u00a0<\/p>\n<p class=\"p1\">Adresse e-mail : contact@le-mentorat.com<\/p>\n<p class=\"p2\">\n<p class=\"p2\"><b><\/b><\/p>\n<p class=\"p1\"><span class=\"s1\"><b>ARTICLE 2 \u2013 SITE <\/b><\/span><\/p>\n<p class=\"p2\">\n<p class=\"p1\">Le Prestataire est le directeur \u00e9ditorial du Site et en est \u00e9galement le directeur de publication.<\/p>\n<p class=\"p1\">Le Site est h\u00e9berg\u00e9 par :<\/p>\n<p class=\"p2\">\n<p class=\"p1\">OVH<\/p>\n<p class=\"p1\">Si\u00e8ge social : 2 rue Kellermann, 59100 Roubaix<\/p>\n<p class=\"p1\">Contact\u00a0France : 1007 (composez le 0033 9 72 10 10 07 1007 (composez le 0033 9 72 10 10 07) (d\u2019apr\u00e8s le site internet de OVH)<\/p>\n<p class=\"p2\"><b><\/b><\/p>\n<p class=\"p1\"><span class=\"s1\"><b>ARTICLE 3 \u2013 ACCESSIBILIT\u00c9<\/b><\/span><\/p>\n<p class=\"p2\">\n<p class=\"p1\">Le Site est par principe accessible aux utilisateurs 24\/24h et 7\/7j, sauf interruption, programm\u00e9e ou non, pour des besoins de maintenance ou en cas de force majeure.<\/p>\n<p class=\"p2\">\n<p class=\"p1\">En cas d\u2019impossibilit\u00e9 d\u2019acc\u00e8s au Site, le Prestataire s\u2019engage \u00e0 faire son maximum afin d\u2019en r\u00e9tablir l\u2019acc\u00e8s. Le Prestataire ne saurait \u00eatre tenu pour responsable de tout dommage, quelle qu\u2019en soit la nature, r\u00e9sultant de son indisponibilit\u00e9.<\/p>\n<p class=\"p2\"><b><\/b><\/p>\n<p class=\"p1\"><span class=\"s1\"><b>ARTICLE 4 \u2013 POLITIQUE DE COOKIES<\/b><\/span><\/p>\n<p class=\"p2\">\n<p class=\"p3\">Le Prestataire a \u00e9ventuellement recours aux techniques de cookies lui permettant de traiter des statistiques et informations sur le trafic, de faciliter la navigation et d\u2019am\u00e9liorer le service pour le confort de l\u2019utilisateur.<\/p>\n<p class=\"p3\">Conform\u00e9ment \u00e0 la l\u00e9gislation europ\u00e9enne, le Prestataire a mis \u00e0 jour sa politique de confidentialit\u00e9 en mati\u00e8re de cookies. L\u2019utilisateur est libre d\u2019accepter ou de refuser tout ou partie des cookies du Site \u00e0 partir d\u2019un dispositif de collecte du consentement s\u2019affichant d\u00e8s la premi\u00e8re visite sur le Site.<\/p>\n<p class=\"p3\">S\u2019il a accept\u00e9 les cookies, l\u2019utilisateur est \u00e9galement libre de retirer ou d\u2019am\u00e9nager son consentement \u00e0 partir du centre de pr\u00e9f\u00e9rences du Site. Le consentement de l\u2019utilisateur est explicite, la non-r\u00e9ponse au dispositif de collecte du consentement vaut refus des cookies.<\/p>\n<p class=\"p3\">La navigation sur le Site est susceptible de provoquer l\u2019installation de cookie(s) sur l\u2019ordinateur de l\u2019utilisateur. Un cookie est un fichier de petite taille, qui ne permet pas l\u2019identification de l\u2019utilisateur, mais qui enregistre des informations relatives \u00e0 la navigation d\u2019un ordinateur sur un Site. Les donn\u00e9es ainsi obtenues visent \u00e0 faciliter la navigation ult\u00e9rieure sur le Site, et ont \u00e9galement vocation \u00e0 permettre diverses mesures de fr\u00e9quentation.<\/p>\n<p class=\"p3\">Le refus d\u2019installation d\u2019un cookie peut entra\u00eener l\u2019impossibilit\u00e9 d\u2019acc\u00e9der \u00e0 certains services. L\u2019utilisateur peut toutefois configurer son ordinateur, pour refuser l\u2019installation des cookies. <br \/>Le Prestataire est \u00e0 jour des derni\u00e8res r\u00e9glementations en mati\u00e8re de cookies.<\/p>\n<p class=\"p2\"><b><\/b><\/p>\n<p class=\"p1\"><span class=\"s1\"><b>ARTICLE 5 \u2013 MODIFICATION DES MENTIONS L\u00c9GALES<\/b><\/span><\/p>\n<p class=\"p2\">\n<p class=\"p3\">Les pr\u00e9sentes mentions l\u00e9gales peuvent \u00eatre modifi\u00e9es \u00e0 tout moment. Ces modifications sont publi\u00e9es par leur mise en ligne et sont r\u00e9put\u00e9es accept\u00e9es sans r\u00e9serve lorsque l\u2019utilisateur acc\u00e8de au Site post\u00e9rieurement \u00e0 leur mise en ligne.<\/p>\n<p class=\"p2\"><b><\/b><\/p>\n<p class=\"p1\"><span class=\"s1\"><b>ARTICLE 6 \u2013 LITIGES<\/b><\/span><\/p>\n<p class=\"p2\">\n<p class=\"p3\">Les pr\u00e9sentes mentions l\u00e9gales sont r\u00e9gies et soumises au droit fran\u00e7ais, et notamment aux dispositions de la Loi du 21 juin 2004 pour la confiance dans l&rsquo;\u00e9conomie num\u00e9rique ainsi que la Loi du 6 janvier 1978 modifi\u00e9e par la Loi du 6 ao\u00fbt 2004 Informatique et Libert\u00e9s.\u00a0<\/p>\n<p class=\"p3\">Tous les litiges auxquels les pr\u00e9sentes mentions l\u00e9gales pourraient donner lieu, concernant tant leur validit\u00e9, leur interpr\u00e9tation, leur ex\u00e9cution, leur r\u00e9siliation, leurs cons\u00e9quences et leurs suites seront soumis aux tribunaux comp\u00e9tents dans le ressort desquels est situ\u00e9 le lieu de r\u00e9sidence de l\u2019utilisateur.<\/p>\n<p class=\"p1\"><span class=\"s1\"><b>ARTICLE 7 \u2013 COLLECTE ET TRAITEMENT DES DONN\u00c9ES<\/b><\/span><\/p>\n<p class=\"p2\">\n<p class=\"p1\">Conform\u00e9ment aux dispositions de la Loi n\u00b078-17 du 6 janvier 1978 modifi\u00e9e et au R\u00e8glement G\u00e9n\u00e9ral sur la Protection des Donn\u00e9es Personnelles (RGPD), l\u2019utilisateur b\u00e9n\u00e9ficie d\u2019un droit d\u2019acc\u00e8s, de rectification et de suppression de toute ou partie des donn\u00e9es personnelles le concernant. L\u2019utilisateur b\u00e9n\u00e9ficie \u00e9galement d\u2019un droit d\u2019opposition, d\u2019un droit \u00e0 la limitation et \u00e0 la portabilit\u00e9 des donn\u00e9es personnelles.<\/p>\n<p class=\"p1\">L\u2019utilisateur pourra exercer ses droits sur simple demande accompagn\u00e9e d\u2019une copie d\u2019un justificatif d\u2019identit\u00e9\u00a0en cours de validit\u00e9 :<\/p>\n<p class=\"p4\">\n<ul class=\"ul1\">\n<li class=\"li5\"><span class=\"s3\"><\/span><span class=\"s4\">Soit par l\u2019envoi d\u2019un mail \u00e0 l\u2019adresse suivante : contact@le-mentorat.com<\/span><\/li>\n<li class=\"li5\"><span class=\"s3\"><\/span>Soit par l\u2019envoi d\u2019un courrier \u00e0 \u00a0: <b>Le MENTORAT SAS<\/b>, 12 avenue de grande bretagne &#8211; 69006 Lyon<\/li>\n<\/ul>\n<p class=\"p2\">\n<p class=\"p1\">L\u2019utilisateur b\u00e9n\u00e9ficie \u00e9galement du droit de formuler une r\u00e9clamation aupr\u00e8s des autorit\u00e9s, et en particulier aupr\u00e8s de la CNIL.<\/p>\n<p class=\"p2\">\n<p class=\"p1\">Adresse\u00a0: \u00a0CNIL \u2013 3 Place de Fontenoy \u2013 TSA 80715 \u2013 75334 PARIS CEDEX 07<\/p>\n<p class=\"p6\"><span class=\"s5\">Site internet\u00a0:\u00a0<a href=\"https:\/\/www.cnil.fr\/\"><span class=\"s6\">https:\/\/www.cnil.fr\/<\/span><\/a><\/span><\/p>\n<p class=\"p2\">\n<p class=\"p1\">Des informations suppl\u00e9mentaires sur la fa\u00e7on dont les donn\u00e9es personnelles de l\u2019utilisateur sont trait\u00e9es, sont accessibles dans l\u2019onglet politique de confidentialit\u00e9.<\/p>\n<p class=\"p2\">\n<p class=\"p1\">Selon l\u2019article L.223-2 du code de la consommation, il est rappel\u00e9 que l\u2019utilisateur du Site peut user de son droit \u00e0 s\u2019inscrire sur la liste d\u2019opposition au d\u00e9marchage t\u00e9l\u00e9phonique bloctel att:\u00a0<a href=\"https:\/\/www.bloctel.gouv.fr\/\"><span class=\"s7\">https:\/\/www.bloctel.gouv.fr\/<\/span><\/a>.<\/p>\n<p class=\"p2\"><b><\/b><\/p>\n<p class=\"p1\"><b>Mise \u00e0 jour : <i>juin 2024<\/i><\/b><\/p>\n<p>[\/et_pb_text][\/et_pb_column][\/et_pb_row][\/et_pb_section]<\/p>\n","protected":false},"excerpt":{"rendered":"<p>ARTICLE 1 \u2013 COORDONN\u00c9ES Le Site est accessible via le lien https:\/\/le-mentorat.com (ci-apr\u00e8s le \u00ab\u00a0Site\u00a0\u00bb) est \u00e9dit\u00e9 par la soci\u00e9t\u00e9\u00a0LE MENTORAT SAS, soci\u00e9t\u00e9 par actions simplifi\u00e9e au capital de 800 euros, dont le si\u00e8ge social est situ\u00e9 12 avenue de grande bretagne &#8211; 69006 Lyon, immatricul\u00e9e au Registre du Commerce et des Soci\u00e9t\u00e9s de Lyon [&hellip;]<\/p>\n","protected":false},"author":1,"featured_media":0,"parent":0,"menu_order":0,"comment_status":"closed","ping_status":"closed","template":"","meta":{"_et_pb_use_builder":"on","_et_pb_old_content":"","_et_gb_content_width":"","content-type":"","footnotes":""},"dipi_cpt_category":[],"class_list":["post-25979723","page","type-page","status-publish","hentry"],"_links":{"self":[{"href":"https:\/\/le-mentorat.com\/index.php\/wp-json\/wp\/v2\/pages\/25979723","targetHints":{"allow":["GET"]}}],"collection":[{"href":"https:\/\/le-mentorat.com\/index.php\/wp-json\/wp\/v2\/pages"}],"about":[{"href":"https:\/\/le-mentorat.com\/index.php\/wp-json\/wp\/v2\/types\/page"}],"author":[{"embeddable":true,"href":"https:\/\/le-mentorat.com\/index.php\/wp-json\/wp\/v2\/users\/1"}],"replies":[{"embeddable":true,"href":"https:\/\/le-mentorat.com\/index.php\/wp-json\/wp\/v2\/comments?post=25979723"}],"version-history":[{"count":7,"href":"https:\/\/le-mentorat.com\/index.php\/wp-json\/wp\/v2\/pages\/25979723\/revisions"}],"predecessor-version":[{"id":25979912,"href":"https:\/\/le-mentorat.com\/index.php\/wp-json\/wp\/v2\/pages\/25979723\/revisions\/25979912"}],"wp:attachment":[{"href":"https:\/\/le-mentorat.com\/index.php\/wp-json\/wp\/v2\/media?parent=25979723"}],"wp:term":[{"taxonomy":"dipi_cpt_category","embeddable":true,"href":"https:\/\/le-mentorat.com\/index.php\/wp-json\/wp\/v2\/dipi_cpt_category?post=25979723"}],"curies":[{"name":"wp","href":"https:\/\/api.w.org\/{rel}","templated":true}]}}